{"id":2593,"date":"2024-07-30T12:20:12","date_gmt":"2024-07-30T10:20:12","guid":{"rendered":"https:\/\/packemprendedor.com\/?page_id=2593"},"modified":"2024-07-30T12:24:40","modified_gmt":"2024-07-30T10:24:40","slug":"formulario-de-informacion","status":"publish","type":"page","link":"https:\/\/conezta.com\/emprender\/formulario-de-informacion\/","title":{"rendered":"Formulario de informaci\u00f3n"},"content":{"rendered":"\t\t<div data-elementor-type=\"wp-page\" data-elementor-id=\"2593\" class=\"elementor elementor-2593\" data-elementor-post-type=\"page\">\n\t\t\t\t<div class=\"elementor-element elementor-element-3910eb7 e-flex e-con-boxed e-con e-parent\" data-id=\"3910eb7\" data-element_type=\"container\">\n\t\t\t\t\t<div class=\"e-con-inner\">\n\t\t\t\t<div class=\"elementor-element elementor-element-a89c067 elementor-widget elementor-widget-text-editor\" data-id=\"a89c067\" data-element_type=\"widget\" data-widget_type=\"text-editor.default\">\n\t\t\t\t<div class=\"elementor-widget-container\">\n\t\t\t\t\t\t\t\t\t<h3>Servicios PackEmprendedor en Am\u00e9rica Latina<\/h3><p>En PackEmprendedor.com, estamos comprometidos en llevar nuestras soluciones innovadoras a nivel internacional. Nos complace anunciar que ahora ofrecemos nuestros servicios en varios pa\u00edses de Am\u00e9rica Latina, incluyendo:<\/p><ul><li>M\u00e9xico<\/li><li>Argentina<\/li><li>Colombia<\/li><li>Chile<\/li><li>Per\u00fa<\/li><li>Ecuador<\/li><li>Uruguay<\/li><li>Panam\u00e1<\/li><li>Costa Rica<\/li><li>Rep\u00fablica Dominicana<\/li><\/ul><p><strong>Adaptaci\u00f3n a las Necesidades Locales<\/strong><\/p><p>Entendemos que cada pa\u00eds tiene sus propias particularidades y requerimientos espec\u00edficos. Por eso, adaptamos nuestras plataformas y servicios a las necesidades y regulaciones locales de cada pa\u00eds. Adem\u00e1s, ajustamos nuestros precios para que sean competitivos y accesibles en cada mercado.<\/p><p><strong>Solicita Tu Presupuesto Personalizado<\/strong><\/p><p>Para recibir un presupuesto adaptado a tu pa\u00eds y tus necesidades espec\u00edficas, te invitamos a completar el formulario de informaci\u00f3n. Nuestro equipo se pondr\u00e1 en contacto contigo para ofrecerte una propuesta detallada y personalizada.<\/p><p><strong>Formulario de Solicitud de Presupuesto<\/strong><\/p><p>Por favor, rellena el formulario a continuaci\u00f3n con tus datos y los detalles de los servicios que te interesan. Nos aseguraremos de proporcionarte una soluci\u00f3n ajustada a tus necesidades y presupuesto.<\/p>\t\t\t\t\t\t\t\t<\/div>\n\t\t\t\t<\/div>\n\t\t\t\t\t<\/div>\n\t\t\t\t<\/div>\n\t\t<div class=\"elementor-element elementor-element-1a27b0a e-flex e-con-boxed e-con e-parent\" data-id=\"1a27b0a\" data-element_type=\"container\">\n\t\t\t\t\t<div class=\"e-con-inner\">\n\t\t<div class=\"elementor-element elementor-element-76d5fb1 e-con-full e-flex e-con e-child\" data-id=\"76d5fb1\" data-element_type=\"container\">\n\t\t\t\t<\/div>\n\t\t<div class=\"elementor-element elementor-element-30aa50b e-con-full e-flex e-con e-child\" data-id=\"30aa50b\" data-element_type=\"container\">\n\t\t\t\t<div class=\"elementor-element elementor-element-f99a318 elementor-widget elementor-widget-wpforms\" data-id=\"f99a318\" data-element_type=\"widget\" data-widget_type=\"wpforms.default\">\n\t\t\t\t<div class=\"elementor-widget-container\">\n\t\t\t\t\t<style id=\"wpforms-css-vars-root\">\n\t\t\t\t:root {\n\t\t\t\t\t--wpforms-field-border-radius: 3px;\n--wpforms-field-background-color: #ffffff;\n--wpforms-field-border-color: rgba( 0, 0, 0, 0.25 );\n--wpforms-field-text-color: rgba( 0, 0, 0, 0.7 );\n--wpforms-label-color: rgba( 0, 0, 0, 0.85 );\n--wpforms-label-sublabel-color: rgba( 0, 0, 0, 0.55 );\n--wpforms-label-error-color: #d63637;\n--wpforms-button-border-radius: 3px;\n--wpforms-button-background-color: #066aab;\n--wpforms-button-text-color: #ffffff;\n--wpforms-field-size-input-height: 43px;\n--wpforms-field-size-input-spacing: 15px;\n--wpforms-field-size-font-size: 16px;\n--wpforms-field-size-line-height: 19px;\n--wpforms-field-size-padding-h: 14px;\n--wpforms-field-size-checkbox-size: 16px;\n--wpforms-field-size-sublabel-spacing: 5px;\n--wpforms-field-size-icon-size: 1;\n--wpforms-label-size-font-size: 16px;\n--wpforms-label-size-line-height: 19px;\n--wpforms-label-size-sublabel-font-size: 14px;\n--wpforms-label-size-sublabel-line-height: 17px;\n--wpforms-button-size-font-size: 17px;\n--wpforms-button-size-height: 41px;\n--wpforms-button-size-padding-h: 15px;\n--wpforms-button-size-margin-top: 10px;\n\n\t\t\t\t}\n\t\t\t<\/style><div class=\"wpforms-container wpforms-container-full wpforms-render-modern\" id=\"wpforms-2587\"><form id=\"wpforms-form-2587\" class=\"wpforms-validate wpforms-form wpforms-ajax-form\" data-formid=\"2587\" method=\"post\" enctype=\"multipart\/form-data\" action=\"\/emprender\/wp-json\/wp\/v2\/pages\/2593\" data-token=\"9877aacda7692d98d0ce2830841a7b31\"><noscript class=\"wpforms-error-noscript\">Por favor, activa JavaScript en tu navegador para completar este formulario.<\/noscript><div class=\"wpforms-hidden\" id=\"wpforms-error-noscript\">Por favor, activa JavaScript en tu navegador para completar este formulario.<\/div><div class=\"wpforms-field-container\"><div id=\"wpforms-2587-field_3-container\" class=\"wpforms-field wpforms-field-layout\" data-field-id=\"3\"><label class=\"wpforms-field-label wpforms-label-hide\" for=\"wpforms-2587-field_3\" aria-hidden=\"false\">Dise\u00f1o<\/label><div class=\"wpforms-field-layout-columns wpforms-field-layout-preset-50-50\"><div class=\"wpforms-layout-column wpforms-layout-column-50\"><div id=\"wpforms-2587-field_0-container\" class=\"wpforms-field wpforms-field-name\" data-field-id=\"0\"><label class=\"wpforms-field-label wpforms-label-hide\" for=\"wpforms-2587-field_0\" aria-hidden=\"false\">Nombre <span class=\"wpforms-required-label\" aria-hidden=\"true\">*<\/span><\/label><input type=\"text\" id=\"wpforms-2587-field_0\" class=\"wpforms-field-medium wpforms-field-required\" name=\"wpforms[fields][0]\" placeholder=\"Nombre\" aria-errormessage=\"wpforms-2587-field_0-error\" required><\/div><div id=\"wpforms-2587-field_4-container\" class=\"wpforms-field wpforms-field-select wpforms-field-select-style-classic\" data-field-id=\"4\"><label class=\"wpforms-field-label wpforms-label-hide\" for=\"wpforms-2587-field_4\" aria-hidden=\"false\">Pa\u00eds <span class=\"wpforms-required-label\" aria-hidden=\"true\">*<\/span><\/label><select id=\"wpforms-2587-field_4\" class=\"wpforms-field-medium wpforms-field-required\" name=\"wpforms[fields][4]\" required=\"required\"><option value=\"\" class=\"placeholder\" disabled  selected='selected'>Pa\u00eds<\/option><option value=\"M\u00e9xico\" >M\u00e9xico<\/option><option value=\"Argentina\" >Argentina<\/option><option value=\"Colombia\" >Colombia<\/option><option value=\"Chile\" >Chile<\/option><option value=\"Ecuador\" >Ecuador<\/option><option value=\"Uruguay\" >Uruguay<\/option><option value=\"Panam\u00e1\" >Panam\u00e1<\/option><option value=\"Costa Rica\" >Costa Rica<\/option><option value=\"Rep\u00fablica Dominicana\" >Rep\u00fablica Dominicana<\/option><\/select><\/div><\/div><div class=\"wpforms-layout-column wpforms-layout-column-50\"><div id=\"wpforms-2587-field_1-container\" class=\"wpforms-field wpforms-field-email\" data-field-id=\"1\"><label class=\"wpforms-field-label wpforms-label-hide\" for=\"wpforms-2587-field_1\" aria-hidden=\"false\">Correo electr\u00f3nico <span class=\"wpforms-required-label\" aria-hidden=\"true\">*<\/span><\/label><input type=\"email\" id=\"wpforms-2587-field_1\" class=\"wpforms-field-medium wpforms-field-required\" name=\"wpforms[fields][1]\" placeholder=\"Email\" spellcheck=\"false\" aria-errormessage=\"wpforms-2587-field_1-error\" required><\/div><div id=\"wpforms-2587-field_5-container\" class=\"wpforms-field wpforms-field-select wpforms-field-select-style-classic\" data-field-id=\"5\"><label class=\"wpforms-field-label wpforms-label-hide\" for=\"wpforms-2587-field_5\" aria-hidden=\"false\">PackEmprendedor <span class=\"wpforms-required-label\" aria-hidden=\"true\">*<\/span><\/label><select id=\"wpforms-2587-field_5\" class=\"wpforms-field-medium wpforms-field-required\" name=\"wpforms[fields][5]\" required=\"required\"><option value=\"\" class=\"placeholder\" disabled  selected='selected'>Elige Pack<\/option><option value=\"Creaci\u00f3n de Redes Sociales\" >Creaci\u00f3n de Redes Sociales<\/option><option value=\"Creaci\u00f3n de Marketplace\" >Creaci\u00f3n de Marketplace<\/option><option value=\"Anuncios Clasificados\" >Anuncios Clasificados<\/option><option value=\"Plataformas de empleo y Freelance\" >Plataformas de empleo y Freelance<\/option><option value=\"Plataformas Inmobiliarias\" >Plataformas Inmobiliarias<\/option><option value=\"Plataformas de Afiliaci\u00f3n\" >Plataformas de Afiliaci\u00f3n<\/option><option value=\"Plataformas de Fidelizaci\u00f3n\" >Plataformas de Fidelizaci\u00f3n<\/option><option value=\"Plataformas de Espacios Publicitarios\" >Plataformas de Espacios Publicitarios<\/option><option value=\"Plataforma de Salas de Chat\" >Plataforma de Salas de Chat<\/option><option value=\"Plataforma de Subastas\" >Plataforma de Subastas<\/option><option value=\"Plataformas de Foros (SaaS)\" >Plataformas de Foros (SaaS)<\/option><option value=\"Creador de Tiendas Online\" >Creador de Tiendas Online<\/option><option value=\"Bases de Conocimiento (SaaS)\" >Bases de Conocimiento (SaaS)<\/option><option value=\"Gesti\u00f3n de Proyectos CRM(SaaS)\" >Gesti\u00f3n de Proyectos CRM(SaaS)<\/option><option value=\"Tarjetas Digitales (SaaS)\" >Tarjetas Digitales (SaaS)<\/option><option value=\"Reserva de Citas y Calendario (SaaS)\" >Reserva de Citas y Calendario (SaaS)<\/option><option value=\"Plataforma de IA (SaaS)\" >Plataforma de IA (SaaS)<\/option><option value=\"Gesti\u00f3n de Propiedades (SaaS)\" >Gesti\u00f3n de Propiedades (SaaS)<\/option><option value=\"Marketing de WhatsApp (SaaS)\" >Marketing de WhatsApp (SaaS)<\/option><option value=\"Pedidos de Comida por WhatsApp (SaaS)\" >Pedidos de Comida por WhatsApp (SaaS)<\/option><option value=\"Acortador de Enlaces (SaaS)\" >Acortador de Enlaces (SaaS)<\/option><option value=\"Creadores de Contenido (SaaS)\" >Creadores de Contenido (SaaS)<\/option><option value=\"Tickets de Soporte (SaaS)\" >Tickets de Soporte (SaaS)<\/option><option value=\"Marketing Social (SaaS)\" >Marketing Social (SaaS)<\/option><option value=\"Plataforma de Creaci\u00f3n de Web (SaaS)\" >Plataforma de Creaci\u00f3n de Web (SaaS)<\/option><option value=\"Creador de Aplicaciones m\u00f3viles (SaaS)\" >Creador de Aplicaciones m\u00f3viles (SaaS)<\/option><\/select><\/div><\/div><\/div><\/div><div id=\"wpforms-2587-field_2-container\" class=\"wpforms-field wpforms-field-textarea\" data-field-id=\"2\"><label class=\"wpforms-field-label wpforms-label-hide\" for=\"wpforms-2587-field_2\" aria-hidden=\"false\">Comentario o mensaje<\/label><textarea id=\"wpforms-2587-field_2\" class=\"wpforms-field-medium\" name=\"wpforms[fields][2]\" placeholder=\"Describe con detalle el negocio que tienes en mente.\" aria-errormessage=\"wpforms-2587-field_2-error\" ><\/textarea><\/div><\/div><!-- .wpforms-field-container --><div class=\"wpforms-submit-container\" ><input type=\"hidden\" name=\"wpforms[id]\" value=\"2587\"><input type=\"hidden\" name=\"wpforms[author]\" value=\"1\"><button type=\"submit\" name=\"wpforms[submit]\" id=\"wpforms-submit-2587\" class=\"wpforms-submit\" data-alt-text=\"Enviando...\" data-submit-text=\"Enviar\" aria-live=\"assertive\" value=\"wpforms-submit\">Enviar<\/button><img loading=\"lazy\" loading=\"lazy\" decoding=\"async\" src=\"https:\/\/conezta.com\/emprender\/wp-content\/plugins\/wpforms\/assets\/images\/submit-spin.svg\" class=\"wpforms-submit-spinner\" style=\"display: none;\" width=\"26\" height=\"26\" alt=\"Cargando\"><\/div><\/form><\/div>  <!-- .wpforms-container -->\t\t\t\t<\/div>\n\t\t\t\t<\/div>\n\t\t\t\t<\/div>\n\t\t<div class=\"elementor-element elementor-element-c6d2470 e-con-full e-flex e-con e-child\" data-id=\"c6d2470\" data-element_type=\"container\">\n\t\t\t\t<\/div>\n\t\t\t\t\t<\/div>\n\t\t\t\t<\/div>\n\t\t<div class=\"elementor-element elementor-element-bc8b42e e-flex e-con-boxed e-con e-parent\" data-id=\"bc8b42e\" data-element_type=\"container\">\n\t\t\t\t\t<div class=\"e-con-inner\">\n\t\t\t\t<div class=\"elementor-element elementor-element-513962b elementor-widget elementor-widget-text-editor\" data-id=\"513962b\" data-element_type=\"widget\" data-widget_type=\"text-editor.default\">\n\t\t\t\t<div class=\"elementor-widget-container\">\n\t\t\t\t\t\t\t\t\t<p>Al elegir PackEmprendedor.com, te aseguras de contar con una plataforma robusta, actualizaciones constantes, soporte integral y precios adaptados a tu mercado. D\u00e9janos ayudarte a llevar tu negocio al siguiente nivel en Am\u00e9rica Latina.<\/p><p>\u00a1Esperamos trabajar contigo y ser parte de tu \u00e9xito!<\/p>\t\t\t\t\t\t\t\t<\/div>\n\t\t\t\t<\/div>\n\t\t\t\t\t<\/div>\n\t\t\t\t<\/div>\n\t\t\t\t<\/div>\n\t\t","protected":false},"excerpt":{"rendered":"<p>Servicios PackEmprendedor en Am\u00e9rica Latina En PackEmprendedor.com, estamos comprometidos en llevar nuestras soluciones innovadoras a nivel internacional. Nos complace anunciar que ahora ofrecemos nuestros servicios&#8230;<\/p>\n","protected":false},"author":1,"featured_media":0,"parent":0,"menu_order":0,"comment_status":"closed","ping_status":"closed","template":"","meta":{"footnotes":""},"class_list":["post-2593","page","type-page","status-publish","hentry"],"yoast_head":"<!-- This site is optimized with the Yoast SEO plugin v24.4 - https:\/\/yoast.com\/wordpress\/plugins\/seo\/ -->\n<title>Formulario de informaci\u00f3n - NegocioFactory<\/title>\n<meta name=\"robots\" content=\"index, follow, max-snippet:-1, max-image-preview:large, max-video-preview:-1\" \/>\n<link rel=\"canonical\" href=\"https:\/\/conezta.com\/emprender\/formulario-de-informacion\/\" \/>\n<meta property=\"og:locale\" content=\"es_ES\" \/>\n<meta property=\"og:type\" content=\"article\" \/>\n<meta property=\"og:title\" content=\"Formulario de informaci\u00f3n - NegocioFactory\" \/>\n<meta property=\"og:description\" content=\"Servicios PackEmprendedor en Am\u00e9rica Latina En PackEmprendedor.com, estamos comprometidos en llevar nuestras soluciones innovadoras a nivel internacional. Nos complace anunciar que ahora ofrecemos nuestros servicios...\" \/>\n<meta property=\"og:url\" content=\"https:\/\/conezta.com\/emprender\/formulario-de-informacion\/\" \/>\n<meta property=\"og:site_name\" content=\"NegocioFactory\" \/>\n<meta property=\"article:modified_time\" content=\"2024-07-30T10:24:40+00:00\" \/>\n<meta name=\"twitter:card\" content=\"summary_large_image\" \/>\n<meta name=\"twitter:label1\" content=\"Tiempo de lectura\" \/>\n\t<meta name=\"twitter:data1\" content=\"1 minuto\" \/>\n<script type=\"application\/ld+json\" class=\"yoast-schema-graph\">{\"@context\":\"https:\/\/schema.org\",\"@graph\":[{\"@type\":\"WebPage\",\"@id\":\"https:\/\/conezta.com\/emprender\/formulario-de-informacion\/\",\"url\":\"https:\/\/conezta.com\/emprender\/formulario-de-informacion\/\",\"name\":\"Formulario de informaci\u00f3n - NegocioFactory\",\"isPartOf\":{\"@id\":\"https:\/\/conezta.com\/emprender\/#website\"},\"datePublished\":\"2024-07-30T10:20:12+00:00\",\"dateModified\":\"2024-07-30T10:24:40+00:00\",\"breadcrumb\":{\"@id\":\"https:\/\/conezta.com\/emprender\/formulario-de-informacion\/#breadcrumb\"},\"inLanguage\":\"es\",\"potentialAction\":[{\"@type\":\"ReadAction\",\"target\":[\"https:\/\/conezta.com\/emprender\/formulario-de-informacion\/\"]}]},{\"@type\":\"BreadcrumbList\",\"@id\":\"https:\/\/conezta.com\/emprender\/formulario-de-informacion\/#breadcrumb\",\"itemListElement\":[{\"@type\":\"ListItem\",\"position\":1,\"name\":\"Portada\",\"item\":\"https:\/\/conezta.com\/emprender\/\"},{\"@type\":\"ListItem\",\"position\":2,\"name\":\"Formulario de informaci\u00f3n\"}]},{\"@type\":\"WebSite\",\"@id\":\"https:\/\/conezta.com\/emprender\/#website\",\"url\":\"https:\/\/conezta.com\/emprender\/\",\"name\":\"NegocioFactory\",\"description\":\"\",\"publisher\":{\"@id\":\"https:\/\/conezta.com\/emprender\/#organization\"},\"potentialAction\":[{\"@type\":\"SearchAction\",\"target\":{\"@type\":\"EntryPoint\",\"urlTemplate\":\"https:\/\/conezta.com\/emprender\/?s={search_term_string}\"},\"query-input\":{\"@type\":\"PropertyValueSpecification\",\"valueRequired\":true,\"valueName\":\"search_term_string\"}}],\"inLanguage\":\"es\"},{\"@type\":\"Organization\",\"@id\":\"https:\/\/conezta.com\/emprender\/#organization\",\"name\":\"NegocioFactory\",\"url\":\"https:\/\/conezta.com\/emprender\/\",\"logo\":{\"@type\":\"ImageObject\",\"inLanguage\":\"es\",\"@id\":\"https:\/\/conezta.com\/emprender\/#\/schema\/logo\/image\/\",\"url\":\"https:\/\/conezta.com\/emprender\/wp-content\/uploads\/sites\/24\/2024\/07\/negociofactory.png\",\"contentUrl\":\"https:\/\/conezta.com\/emprender\/wp-content\/uploads\/sites\/24\/2024\/07\/negociofactory.png\",\"width\":292,\"height\":60,\"caption\":\"NegocioFactory\"},\"image\":{\"@id\":\"https:\/\/conezta.com\/emprender\/#\/schema\/logo\/image\/\"}}]}<\/script>\n<!-- \/ Yoast SEO plugin. -->","yoast_head_json":{"title":"Formulario de informaci\u00f3n - NegocioFactory","robots":{"index":"index","follow":"follow","max-snippet":"max-snippet:-1","max-image-preview":"max-image-preview:large","max-video-preview":"max-video-preview:-1"},"canonical":"https:\/\/conezta.com\/emprender\/formulario-de-informacion\/","og_locale":"es_ES","og_type":"article","og_title":"Formulario de informaci\u00f3n - NegocioFactory","og_description":"Servicios PackEmprendedor en Am\u00e9rica Latina En PackEmprendedor.com, estamos comprometidos en llevar nuestras soluciones innovadoras a nivel internacional. Nos complace anunciar que ahora ofrecemos nuestros servicios...","og_url":"https:\/\/conezta.com\/emprender\/formulario-de-informacion\/","og_site_name":"NegocioFactory","article_modified_time":"2024-07-30T10:24:40+00:00","twitter_card":"summary_large_image","twitter_misc":{"Tiempo de lectura":"1 minuto"},"schema":{"@context":"https:\/\/schema.org","@graph":[{"@type":"WebPage","@id":"https:\/\/conezta.com\/emprender\/formulario-de-informacion\/","url":"https:\/\/conezta.com\/emprender\/formulario-de-informacion\/","name":"Formulario de informaci\u00f3n - NegocioFactory","isPartOf":{"@id":"https:\/\/conezta.com\/emprender\/#website"},"datePublished":"2024-07-30T10:20:12+00:00","dateModified":"2024-07-30T10:24:40+00:00","breadcrumb":{"@id":"https:\/\/conezta.com\/emprender\/formulario-de-informacion\/#breadcrumb"},"inLanguage":"es","potentialAction":[{"@type":"ReadAction","target":["https:\/\/conezta.com\/emprender\/formulario-de-informacion\/"]}]},{"@type":"BreadcrumbList","@id":"https:\/\/conezta.com\/emprender\/formulario-de-informacion\/#breadcrumb","itemListElement":[{"@type":"ListItem","position":1,"name":"Portada","item":"https:\/\/conezta.com\/emprender\/"},{"@type":"ListItem","position":2,"name":"Formulario de informaci\u00f3n"}]},{"@type":"WebSite","@id":"https:\/\/conezta.com\/emprender\/#website","url":"https:\/\/conezta.com\/emprender\/","name":"NegocioFactory","description":"","publisher":{"@id":"https:\/\/conezta.com\/emprender\/#organization"},"potentialAction":[{"@type":"SearchAction","target":{"@type":"EntryPoint","urlTemplate":"https:\/\/conezta.com\/emprender\/?s={search_term_string}"},"query-input":{"@type":"PropertyValueSpecification","valueRequired":true,"valueName":"search_term_string"}}],"inLanguage":"es"},{"@type":"Organization","@id":"https:\/\/conezta.com\/emprender\/#organization","name":"NegocioFactory","url":"https:\/\/conezta.com\/emprender\/","logo":{"@type":"ImageObject","inLanguage":"es","@id":"https:\/\/conezta.com\/emprender\/#\/schema\/logo\/image\/","url":"https:\/\/conezta.com\/emprender\/wp-content\/uploads\/sites\/24\/2024\/07\/negociofactory.png","contentUrl":"https:\/\/conezta.com\/emprender\/wp-content\/uploads\/sites\/24\/2024\/07\/negociofactory.png","width":292,"height":60,"caption":"NegocioFactory"},"image":{"@id":"https:\/\/conezta.com\/emprender\/#\/schema\/logo\/image\/"}}]}},"_links":{"self":[{"href":"https:\/\/conezta.com\/emprender\/wp-json\/wp\/v2\/pages\/2593","targetHints":{"allow":["GET"]}}],"collection":[{"href":"https:\/\/conezta.com\/emprender\/wp-json\/wp\/v2\/pages"}],"about":[{"href":"https:\/\/conezta.com\/emprender\/wp-json\/wp\/v2\/types\/page"}],"author":[{"embeddable":true,"href":"https:\/\/conezta.com\/emprender\/wp-json\/wp\/v2\/users\/1"}],"replies":[{"embeddable":true,"href":"https:\/\/conezta.com\/emprender\/wp-json\/wp\/v2\/comments?post=2593"}],"version-history":[{"count":7,"href":"https:\/\/conezta.com\/emprender\/wp-json\/wp\/v2\/pages\/2593\/revisions"}],"predecessor-version":[{"id":2600,"href":"https:\/\/conezta.com\/emprender\/wp-json\/wp\/v2\/pages\/2593\/revisions\/2600"}],"wp:attachment":[{"href":"https:\/\/conezta.com\/emprender\/wp-json\/wp\/v2\/media?parent=2593"}],"curies":[{"name":"wp","href":"https:\/\/api.w.org\/{rel}","templated":true}]}}